{"id":36,"date":"2025-09-01T10:30:45","date_gmt":"2025-09-01T13:30:45","guid":{"rendered":"http:\/\/localhost\/bogo\/?page_id=36"},"modified":"2025-10-07T15:20:18","modified_gmt":"2025-10-07T18:20:18","slug":"contato","status":"publish","type":"page","link":"https:\/\/bogofiltros.com.br\/index.php\/contato\/","title":{"rendered":"Contato"},"content":{"rendered":"\t\t<div data-elementor-type=\"wp-page\" data-elementor-id=\"36\" class=\"elementor elementor-36\" data-elementor-post-type=\"page\">\n\t\t\t\t<div class=\"elementor-element elementor-element-5a24b4d e-con-full e-flex e-con e-parent\" data-id=\"5a24b4d\" data-element_type=\"container\">\n\t\t\t\t<div class=\"elementor-element elementor-element-62675e8 elementor--h-position-center elementor--v-position-middle elementor-arrows-position-inside elementor-pagination-position-inside elementor-widget elementor-widget-slides\" data-id=\"62675e8\" data-element_type=\"widget\" data-settings=\"{&quot;navigation&quot;:&quot;both&quot;,&quot;autoplay&quot;:&quot;yes&quot;,&quot;pause_on_hover&quot;:&quot;yes&quot;,&quot;pause_on_interaction&quot;:&quot;yes&quot;,&quot;autoplay_speed&quot;:5000,&quot;infinite&quot;:&quot;yes&quot;,&quot;transition&quot;:&quot;slide&quot;,&quot;transition_speed&quot;:500}\" data-widget_type=\"slides.default\">\n\t\t\t\t\t\t\t\t\t\t<div class=\"elementor-slides-wrapper elementor-main-swiper swiper\" role=\"region\" aria-roledescription=\"carousel\" aria-label=\"Slides\" dir=\"ltr\" data-animation=\"fadeInUp\">\n\t\t\t\t<div class=\"swiper-wrapper elementor-slides\">\n\t\t\t\t\t\t\t\t\t\t<div class=\"elementor-repeater-item-61f33f5 swiper-slide\" role=\"group\" aria-roledescription=\"slide\"><div class=\"swiper-slide-bg\" role=\"img\"><\/div><div class=\"elementor-background-overlay\"><\/div><div class=\"swiper-slide-inner\" ><div class=\"swiper-slide-contents\"><div class=\"elementor-slide-heading\">entre em contato<\/div><\/div><\/div><\/div>\t\t\t\t<\/div>\n\t\t\t\t\t\t\t<\/div>\n\t\t\t\t\t\t\t\t<\/div>\n\t\t\t\t<\/div>\n\t\t<div class=\"elementor-element elementor-element-5fd1134 e-con-full e-flex e-con e-parent\" data-id=\"5fd1134\" data-element_type=\"container\">\n\t\t<div class=\"elementor-element elementor-element-f0d9fe1 e-con-full e-transform e-flex e-con e-child\" data-id=\"f0d9fe1\" data-element_type=\"container\" data-settings=\"{&quot;background_background&quot;:&quot;classic&quot;,&quot;_transform_scale_effect_hover&quot;:{&quot;unit&quot;:&quot;px&quot;,&quot;size&quot;:1.05,&quot;sizes&quot;:[]},&quot;_transform_scale_effect_hover_widescreen&quot;:{&quot;unit&quot;:&quot;px&quot;,&quot;size&quot;:&quot;&quot;,&quot;sizes&quot;:[]},&quot;_transform_scale_effect_hover_laptop&quot;:{&quot;unit&quot;:&quot;px&quot;,&quot;size&quot;:&quot;&quot;,&quot;sizes&quot;:[]},&quot;_transform_scale_effect_hover_tablet&quot;:{&quot;unit&quot;:&quot;px&quot;,&quot;size&quot;:&quot;&quot;,&quot;sizes&quot;:[]},&quot;_transform_scale_effect_hover_mobile&quot;:{&quot;unit&quot;:&quot;px&quot;,&quot;size&quot;:&quot;&quot;,&quot;sizes&quot;:[]}}\">\n\t\t\t\t<div class=\"elementor-element elementor-element-91b509d elementor-view-default elementor-position-block-start elementor-mobile-position-block-start elementor-widget elementor-widget-icon-box\" data-id=\"91b509d\" data-element_type=\"widget\" data-widget_type=\"icon-box.default\">\n\t\t\t\t\t\t\t<div class=\"elementor-icon-box-wrapper\">\n\n\t\t\t\t\t\t<div class=\"elementor-icon-box-icon\">\n\t\t\t\t<span  class=\"elementor-icon\">\n\t\t\t\t<svg xmlns=\"http:\/\/www.w3.org\/2000\/svg\" width=\"72\" height=\"71\" viewBox=\"0 0 72 71\" fill=\"none\"><path d=\"M39.674 2.28882e-05V4.86202C44.4829 4.86202 48.9881 6.07752 53.1896 8.50852C57.1885 10.8889 60.3776 14.0796 62.7568 18.0806C65.1865 22.2842 66.4014 26.7917 66.4014 31.603H71.2609C71.2609 25.88 69.8183 20.5622 66.9329 15.6496C64.1488 10.8889 60.3776 7.11576 55.6193 4.33024C50.7092 1.44343 45.3941 2.28882e-05 39.674 2.28882e-05ZM14.5411 7.29302C13.1744 7.29302 11.9848 7.72351 10.9724 8.58449L3.1516 16.5612L3.37939 16.4093C2.11388 17.4728 1.27865 18.7896 0.873691 20.3596C0.51935 21.9297 0.62059 23.449 1.17741 24.9178C2.59477 28.8681 4.49303 32.9198 6.87217 37.0728C10.2131 42.7957 14.1868 47.9363 18.7932 52.4944C26.1837 59.9393 35.3713 65.8143 46.3558 70.1192H46.4318C47.8998 70.6256 49.3677 70.7269 50.8357 70.423C52.3543 70.1192 53.6958 69.4608 54.86 68.4478L62.529 60.775C63.5414 59.7621 64.0476 58.5213 64.0476 57.0525C64.0476 55.5332 63.5414 54.267 62.529 53.2541L52.5821 43.2262C51.5697 42.2133 50.3042 41.7069 48.7856 41.7069C47.267 41.7069 46.0015 42.2133 44.9891 43.2262L40.2055 48.0882C36.3584 46.265 33.0175 44.0112 30.1827 41.327C27.348 38.5921 25.0954 35.2748 23.4249 31.3751L28.2845 26.5131C29.3475 25.3989 29.879 24.0821 29.879 22.5627C29.879 20.9927 29.2716 19.7266 28.0567 18.7643L28.2845 18.9922L18.1098 8.58449C17.0974 7.72351 15.9079 7.29302 14.5411 7.29302ZM39.674 9.72402V14.586C42.7618 14.586 45.5965 15.3457 48.1782 16.8651C50.8104 18.3845 52.8858 20.4609 54.4044 23.0945C55.923 25.6775 56.6823 28.5136 56.6823 31.603H61.5419C61.5419 27.6526 60.5548 23.9808 58.5806 20.5875C56.6064 17.2956 53.9742 14.662 50.6839 12.6868C47.2923 10.7116 43.6224 9.72402 39.674 9.72402ZM14.5411 12.155C14.693 12.155 14.8701 12.231 15.0726 12.3829L25.0195 22.5627C25.0701 22.7653 25.0195 22.9426 24.8676 23.0945L17.6543 30.2356L18.1858 31.7549L19.1729 33.8821C19.9828 35.604 20.9192 37.2753 21.9823 38.896C23.4503 41.1751 25.0701 43.1249 26.8418 44.7456C29.2209 47.0753 32.081 49.2024 35.4219 51.127C37.0924 52.0892 38.5097 52.7983 39.674 53.2541L41.1926 53.9378L48.5578 46.5689C48.6591 46.4676 48.735 46.4169 48.7856 46.4169C48.8362 46.4169 48.9122 46.4676 49.0134 46.5689L59.264 56.8246C59.3652 56.9259 59.4158 57.0019 59.4158 57.0525C59.4158 57.0525 59.3652 57.1032 59.264 57.2045L51.671 64.7254C50.5573 65.6876 49.3424 65.9409 48.0263 65.4851C37.6998 61.484 29.0944 56.0143 22.2101 49.0758C17.958 44.8216 14.2374 39.9849 11.0483 34.5658C8.77043 30.6661 6.99872 26.893 5.73322 23.2465V23.1705C5.53074 22.7147 5.50543 22.1829 5.65729 21.5751C5.80915 20.9167 6.08756 20.4103 6.49252 20.0558L14.0096 12.3829C14.1615 12.231 14.3386 12.155 14.5411 12.155ZM39.674 19.448V24.31C41.6988 24.31 43.4199 25.0191 44.8372 26.4371C46.2546 27.8552 46.9633 29.5772 46.9633 31.603H51.8228C51.8228 29.4252 51.266 27.3994 50.1524 25.5255C49.0893 23.6516 47.6213 22.1829 45.7484 21.1193C43.8755 20.0051 41.8507 19.448 39.674 19.448Z\" fill=\"url(#paint0_linear_246_536)\"><\/path><defs><linearGradient id=\"paint0_linear_246_536\" x1=\"35.964\" y1=\"2.28882e-05\" x2=\"35.964\" y2=\"70.594\" gradientUnits=\"userSpaceOnUse\"><stop stop-color=\"#FF9433\"><\/stop><stop offset=\"1\" stop-color=\"#FF7900\"><\/stop><\/linearGradient><\/defs><\/svg>\t\t\t\t<\/span>\n\t\t\t<\/div>\n\t\t\t\n\t\t\t\t\t\t<div class=\"elementor-icon-box-content\">\n\n\t\t\t\t\t\t\t\t\t<h3 class=\"elementor-icon-box-title\">\n\t\t\t\t\t\t<span  >\n\t\t\t\t\t\t\tLigue\t\t\t\t\t\t<\/span>\n\t\t\t\t\t<\/h3>\n\t\t\t\t\n\t\t\t\t\t\t\t\t\t<p class=\"elementor-icon-box-description\">\n\t\t\t\t\t\t (43) 3371-9700\t\t\t\t\t<\/p>\n\t\t\t\t\n\t\t\t<\/div>\n\t\t\t\n\t\t<\/div>\n\t\t\t\t\t\t<\/div>\n\t\t\t\t<\/div>\n\t\t<div class=\"elementor-element elementor-element-4976422 e-con-full e-transform e-flex e-con e-child\" data-id=\"4976422\" data-element_type=\"container\" data-settings=\"{&quot;background_background&quot;:&quot;classic&quot;,&quot;_transform_scale_effect_hover&quot;:{&quot;unit&quot;:&quot;px&quot;,&quot;size&quot;:1.05,&quot;sizes&quot;:[]},&quot;_transform_scale_effect_hover_widescreen&quot;:{&quot;unit&quot;:&quot;px&quot;,&quot;size&quot;:&quot;&quot;,&quot;sizes&quot;:[]},&quot;_transform_scale_effect_hover_laptop&quot;:{&quot;unit&quot;:&quot;px&quot;,&quot;size&quot;:&quot;&quot;,&quot;sizes&quot;:[]},&quot;_transform_scale_effect_hover_tablet&quot;:{&quot;unit&quot;:&quot;px&quot;,&quot;size&quot;:&quot;&quot;,&quot;sizes&quot;:[]},&quot;_transform_scale_effect_hover_mobile&quot;:{&quot;unit&quot;:&quot;px&quot;,&quot;size&quot;:&quot;&quot;,&quot;sizes&quot;:[]}}\">\n\t\t\t\t<div class=\"elementor-element elementor-element-2fd30dc elementor-view-default elementor-position-block-start elementor-mobile-position-block-start elementor-widget elementor-widget-icon-box\" data-id=\"2fd30dc\" data-element_type=\"widget\" data-widget_type=\"icon-box.default\">\n\t\t\t\t\t\t\t<div class=\"elementor-icon-box-wrapper\">\n\n\t\t\t\t\t\t<div class=\"elementor-icon-box-icon\">\n\t\t\t\t<span  class=\"elementor-icon\">\n\t\t\t\t<svg xmlns=\"http:\/\/www.w3.org\/2000\/svg\" width=\"63\" height=\"58\" viewBox=\"0 0 63 58\" fill=\"none\"><path d=\"M15.643 2.28882e-05V4.96993L0 15.1542V57.3576H62.5719V15.1542L46.9289 4.96993V2.28882e-05H15.643ZM20.8573 5.21435H41.7146V25.2569L31.286 32.0192L20.8573 25.2569V5.21435ZM23.4645 10.4287V15.643H39.1074V10.4287H23.4645ZM15.643 11.1619V21.835L7.41412 16.5392L15.643 11.1619ZM46.9289 11.1619L55.1578 16.5392L46.9289 21.835V11.1619ZM23.4645 18.2502V23.4645H39.1074V18.2502H23.4645ZM5.21433 21.3462L31.286 38.2113L57.3576 21.3462V52.1433H5.21433V21.3462Z\" fill=\"url(#paint0_linear_246_542)\"><\/path><defs><linearGradient id=\"paint0_linear_246_542\" x1=\"31.286\" y1=\"2.28882e-05\" x2=\"31.286\" y2=\"57.3576\" gradientUnits=\"userSpaceOnUse\"><stop stop-color=\"#FEA04B\"><\/stop><stop offset=\"1\" stop-color=\"#FF7900\"><\/stop><\/linearGradient><\/defs><\/svg>\t\t\t\t<\/span>\n\t\t\t<\/div>\n\t\t\t\n\t\t\t\t\t\t<div class=\"elementor-icon-box-content\">\n\n\t\t\t\t\t\t\t\t\t<h3 class=\"elementor-icon-box-title\">\n\t\t\t\t\t\t<span  >\n\t\t\t\t\t\t\tEmail\t\t\t\t\t\t<\/span>\n\t\t\t\t\t<\/h3>\n\t\t\t\t\n\t\t\t\t\t\t\t\t\t<p class=\"elementor-icon-box-description\">\n\t\t\t\t\t\tbogofiltros@bogo<br>filtros.com.br \t\t\t\t\t<\/p>\n\t\t\t\t\n\t\t\t<\/div>\n\t\t\t\n\t\t<\/div>\n\t\t\t\t\t\t<\/div>\n\t\t\t\t<\/div>\n\t\t<div class=\"elementor-element elementor-element-debb8b8 e-con-full e-transform e-flex e-con e-child\" data-id=\"debb8b8\" data-element_type=\"container\" data-settings=\"{&quot;background_background&quot;:&quot;classic&quot;,&quot;_transform_scale_effect_hover&quot;:{&quot;unit&quot;:&quot;px&quot;,&quot;size&quot;:1.05,&quot;sizes&quot;:[]},&quot;_transform_scale_effect_hover_widescreen&quot;:{&quot;unit&quot;:&quot;px&quot;,&quot;size&quot;:&quot;&quot;,&quot;sizes&quot;:[]},&quot;_transform_scale_effect_hover_laptop&quot;:{&quot;unit&quot;:&quot;px&quot;,&quot;size&quot;:&quot;&quot;,&quot;sizes&quot;:[]},&quot;_transform_scale_effect_hover_tablet&quot;:{&quot;unit&quot;:&quot;px&quot;,&quot;size&quot;:&quot;&quot;,&quot;sizes&quot;:[]},&quot;_transform_scale_effect_hover_mobile&quot;:{&quot;unit&quot;:&quot;px&quot;,&quot;size&quot;:&quot;&quot;,&quot;sizes&quot;:[]}}\">\n\t\t\t\t<div class=\"elementor-element elementor-element-67699b1 elementor-view-default elementor-position-block-start elementor-mobile-position-block-start elementor-widget elementor-widget-icon-box\" data-id=\"67699b1\" data-element_type=\"widget\" data-widget_type=\"icon-box.default\">\n\t\t\t\t\t\t\t<div class=\"elementor-icon-box-wrapper\">\n\n\t\t\t\t\t\t<div class=\"elementor-icon-box-icon\">\n\t\t\t\t<span  class=\"elementor-icon\">\n\t\t\t\t<svg xmlns=\"http:\/\/www.w3.org\/2000\/svg\" width=\"54\" height=\"79\" viewBox=\"0 0 54 79\" fill=\"none\"><path d=\"M24.547 60.9667C25.0625 61.7503 25.9686 62.2727 26.9997 62.2727C28.0307 62.2727 28.9368 61.7503 29.4679 60.9667L46.6833 34.8161C48.9954 31.2977 50.3389 27.4258 50.3389 22.9393C50.3232 9.97161 39.9659 0 26.9997 0C14.0335 0 3.6761 9.97161 3.6761 22.9393C3.6761 27.4258 5.01959 31.2977 7.33164 34.8161L24.547 60.9667ZM26.9997 9.83333C34.3576 9.83333 40.3252 15.7026 40.3252 22.9393C40.3252 30.176 34.3576 36.0453 26.9997 36.0453C19.6417 36.0453 13.6741 30.176 13.6741 22.9393C13.6741 15.7026 19.6417 9.83333 26.9997 9.83333ZM44.0901 49.7044L26.9997 72.106L9.90926 49.7044C4.06665 52.7159 0.333008 57.2177 0.333008 62.2727C0.333008 71.3224 12.2682 78.6667 26.9997 78.6667C41.7312 78.6667 53.6663 71.3224 53.6663 62.2727C53.6663 57.2177 49.9327 52.7159 44.0901 49.7044Z\" fill=\"url(#paint0_linear_246_532)\"><\/path><defs><linearGradient id=\"paint0_linear_246_532\" x1=\"26.9997\" y1=\"0\" x2=\"26.9997\" y2=\"78.6667\" gradientUnits=\"userSpaceOnUse\"><stop stop-color=\"#FF9433\"><\/stop><stop offset=\"1\" stop-color=\"#FF7900\"><\/stop><\/linearGradient><\/defs><\/svg>\t\t\t\t<\/span>\n\t\t\t<\/div>\n\t\t\t\n\t\t\t\t\t\t<div class=\"elementor-icon-box-content\">\n\n\t\t\t\t\t\t\t\t\t<h3 class=\"elementor-icon-box-title\">\n\t\t\t\t\t\t<span  >\n\t\t\t\t\t\t\tEndere\u00e7o\t\t\t\t\t\t<\/span>\n\t\t\t\t\t<\/h3>\n\t\t\t\t\n\t\t\t\t\t\t\t\t\t<p class=\"elementor-icon-box-description\">\n\t\t\t\t\t\tAvenida Arthur Thomas, 325\nLondrina, PR\t\t\t\t\t<\/p>\n\t\t\t\t\n\t\t\t<\/div>\n\t\t\t\n\t\t<\/div>\n\t\t\t\t\t\t<\/div>\n\t\t\t\t<\/div>\n\t\t\t\t<\/div>\n\t\t<div class=\"elementor-element elementor-element-6951de7 e-con-full e-flex e-con e-parent\" data-id=\"6951de7\" data-element_type=\"container\">\n\t\t\t\t<div class=\"elementor-element elementor-element-8187355 elementor-widget elementor-widget-google_maps\" data-id=\"8187355\" data-element_type=\"widget\" data-widget_type=\"google_maps.default\">\n\t\t\t\t\t\t\t<div class=\"elementor-custom-embed\">\n\t\t\t<iframe loading=\"lazy\"\n\t\t\t\t\tsrc=\"https:\/\/maps.google.com\/maps?q=v.%20Arthur%20Thomas%2C%20325%20-%20Rodocentro%2C%20Londrina%20-%20PR&#038;t=m&#038;z=16&#038;output=embed&#038;iwloc=near\"\n\t\t\t\t\ttitle=\"v. Arthur Thomas, 325 - Rodocentro, Londrina - PR\"\n\t\t\t\t\taria-label=\"v. Arthur Thomas, 325 - Rodocentro, Londrina - PR\"\n\t\t\t><\/iframe>\n\t\t<\/div>\n\t\t\t\t\t\t<\/div>\n\t\t\t\t<\/div>\n\t\t<div class=\"elementor-element elementor-element-dcd1320 e-con-full e-flex e-con e-parent\" data-id=\"dcd1320\" data-element_type=\"container\">\n\t\t\t\t<div class=\"elementor-element elementor-element-963450a elementor-widget elementor-widget-heading\" data-id=\"963450a\" data-element_type=\"widget\" data-widget_type=\"heading.default\">\n\t\t\t\t\t<h2 class=\"elementor-heading-title elementor-size-default\">Entre em contato<\/h2>\t\t\t\t<\/div>\n\t\t\t\t<div class=\"elementor-element elementor-element-1a9c8fd elementor-widget elementor-widget-text-editor\" data-id=\"1a9c8fd\" data-element_type=\"widget\" data-widget_type=\"text-editor.default\">\n\t\t\t\t\t\t\t\t\tQuer voc\u00ea esteja procurando solu\u00e7\u00f5es ou queira explorar oportunidades, estamos<br>\naqui para colaborar com voc\u00ea.\t\t\t\t\t\t\t\t<\/div>\n\t\t\t\t<div class=\"elementor-element elementor-element-9afee7d elementor-button-align-stretch elementor-widget elementor-widget-form\" data-id=\"9afee7d\" data-element_type=\"widget\" data-settings=\"{&quot;step_next_label&quot;:&quot;Next&quot;,&quot;step_previous_label&quot;:&quot;Previous&quot;,&quot;button_width&quot;:&quot;100&quot;,&quot;step_type&quot;:&quot;number_text&quot;,&quot;step_icon_shape&quot;:&quot;circle&quot;}\" data-widget_type=\"form.default\">\n\t\t\t\t\t\t\t<form class=\"elementor-form\" method=\"post\" name=\"New Form\" aria-label=\"New Form\">\n\t\t\t<input type=\"hidden\" name=\"post_id\" value=\"36\"\/>\n\t\t\t<input type=\"hidden\" name=\"form_id\" value=\"9afee7d\"\/>\n\t\t\t<input type=\"hidden\" name=\"referer_title\" value=\"Contato\" \/>\n\n\t\t\t\t\t\t\t<input type=\"hidden\" name=\"queried_id\" value=\"36\"\/>\n\t\t\t\n\t\t\t<div class=\"elementor-form-fields-wrapper elementor-labels-above\">\n\t\t\t\t\t\t\t\t<div class=\"elementor-field-type-text elementor-field-group elementor-column elementor-field-group-name elementor-col-50 elementor-field-required\">\n\t\t\t\t\t\t\t\t\t\t\t\t\t<input size=\"1\" type=\"text\" name=\"form_fields[name]\" id=\"form-field-name\" class=\"elementor-field elementor-size-xl  elementor-field-textual\" placeholder=\"Sobrenome\" required=\"required\">\n\t\t\t\t\t\t\t\t\t\t\t<\/div>\n\t\t\t\t\t\t\t\t<div class=\"elementor-field-type-text elementor-field-group elementor-column elementor-field-group-field_e16ba63 elementor-col-50 elementor-field-required\">\n\t\t\t\t\t\t\t\t\t\t\t\t\t<input size=\"1\" type=\"text\" name=\"form_fields[field_e16ba63]\" id=\"form-field-field_e16ba63\" class=\"elementor-field elementor-size-xl  elementor-field-textual\" placeholder=\"Sobrenome\" required=\"required\">\n\t\t\t\t\t\t\t\t\t\t\t<\/div>\n\t\t\t\t\t\t\t\t<div class=\"elementor-field-type-email elementor-field-group elementor-column elementor-field-group-email elementor-col-50 elementor-field-required\">\n\t\t\t\t\t\t\t\t\t\t\t\t\t<input size=\"1\" type=\"email\" name=\"form_fields[email]\" id=\"form-field-email\" class=\"elementor-field elementor-size-xl  elementor-field-textual\" placeholder=\"E-mail *\" required=\"required\">\n\t\t\t\t\t\t\t\t\t\t\t<\/div>\n\t\t\t\t\t\t\t\t<div class=\"elementor-field-type-tel elementor-field-group elementor-column elementor-field-group-field_8dc2065 elementor-col-50 elementor-field-required\">\n\t\t\t\t\t\t\t<input size=\"1\" type=\"tel\" name=\"form_fields[field_8dc2065]\" id=\"form-field-field_8dc2065\" class=\"elementor-field elementor-size-xl  elementor-field-textual\" placeholder=\"Telefone *\" required=\"required\" pattern=\"[0-9()#&amp;+*-=.]+\" title=\"Only numbers and phone characters (#, -, *, etc) are accepted.\">\n\n\t\t\t\t\t\t<\/div>\n\t\t\t\t\t\t\t\t<div class=\"elementor-field-type-textarea elementor-field-group elementor-column elementor-field-group-message elementor-col-100\">\n\t\t\t\t\t<textarea class=\"elementor-field-textual elementor-field  elementor-size-xl\" name=\"form_fields[message]\" id=\"form-field-message\" rows=\"4\" placeholder=\"Mensagem...\"><\/textarea>\t\t\t\t<\/div>\n\t\t\t\t\t\t\t\t<div class=\"elementor-field-group elementor-column elementor-field-type-submit elementor-col-100 e-form__buttons\">\n\t\t\t\t\t<button class=\"elementor-button elementor-size-xl elementor-animation-grow\" type=\"submit\">\n\t\t\t\t\t\t<span class=\"elementor-button-content-wrapper\">\n\t\t\t\t\t\t\t\t\t\t\t\t\t\t\t\t\t\t\t\t\t\t<span class=\"elementor-button-text\">enviar<\/span>\n\t\t\t\t\t\t\t\t\t\t\t\t\t<\/span>\n\t\t\t\t\t<\/button>\n\t\t\t\t<\/div>\n\t\t\t<\/div>\n\t\t<\/form>\n\t\t\t\t\t\t<\/div>\n\t\t\t\t<\/div>\n\t\t<div class=\"elementor-element elementor-element-6035315 e-con-full e-flex e-con e-parent\" data-id=\"6035315\" data-element_type=\"container\">\n\t\t<div class=\"elementor-element elementor-element-fc12470 e-con-full e-flex e-con e-child\" data-id=\"fc12470\" data-element_type=\"container\">\n\t\t\t\t<div class=\"elementor-element elementor-element-593a5f8 elementor-widget elementor-widget-image\" data-id=\"593a5f8\" data-element_type=\"widget\" data-widget_type=\"image.default\">\n\t\t\t\t\t\t\t\t\t\t\t\t\t\t\t<img fetchpriority=\"high\" decoding=\"async\" width=\"263\" height=\"263\" src=\"https:\/\/bogofiltros.com.br\/wp-content\/uploads\/2025\/09\/verificado-1.png\" class=\"attachment-full size-full wp-image-125\" alt=\"\" srcset=\"https:\/\/bogofiltros.com.br\/wp-content\/uploads\/2025\/09\/verificado-1.png 263w, https:\/\/bogofiltros.com.br\/wp-content\/uploads\/2025\/09\/verificado-1-150x150.png 150w\" sizes=\"(max-width: 263px) 100vw, 263px\" \/>\t\t\t\t\t\t\t\t\t\t\t\t\t\t\t<\/div>\n\t\t\t\t<\/div>\n\t\t<div class=\"elementor-element elementor-element-fc7aa8b e-con-full e-flex e-con e-child\" data-id=\"fc7aa8b\" data-element_type=\"container\">\n\t\t\t\t<div class=\"elementor-element elementor-element-a3afdc0 elementor-widget elementor-widget-heading\" data-id=\"a3afdc0\" data-element_type=\"widget\" data-widget_type=\"heading.default\">\n\t\t\t\t\t<h2 class=\"elementor-heading-title elementor-size-default\">Verificado pela experi\u00eancia\n<\/h2>\t\t\t\t<\/div>\n\t\t\t\t<div class=\"elementor-element elementor-element-08a064a elementor-widget elementor-widget-text-editor\" data-id=\"08a064a\" data-element_type=\"widget\" data-widget_type=\"text-editor.default\">\n\t\t\t\t\t\t\t\t\t<p>Produtos 100% originais, de marcas reconhecidas.<br \/>Uma distribuidora confi\u00e1vel com mais de 30 anos de mercado.<\/p>\t\t\t\t\t\t\t\t<\/div>\n\t\t\t\t<\/div>\n\t\t\t\t<\/div>\n\t\t\t\t<\/div>\n\t\t","protected":false},"excerpt":{"rendered":"<p>entre em contato Ligue (43) 3371-9700 Email bogofiltros@bogofiltros.com.br Endere\u00e7o Avenida Arthur Thomas, 325 Londrina, PR Entre em contato Quer voc\u00ea esteja procurando solu\u00e7\u00f5es ou queira explorar oportunidades, estamos aqui para colaborar com voc\u00ea. Verificado pela experi\u00eancia Produtos 100% originais, de marcas reconhecidas.Uma distribuidora confi\u00e1vel com mais de 30 anos de mercado.<\/p>\n","protected":false},"author":1,"featured_media":0,"parent":0,"menu_order":0,"comment_status":"closed","ping_status":"closed","template":"","meta":{"footnotes":""},"class_list":["post-36","page","type-page","status-publish","hentry"],"_links":{"self":[{"href":"https:\/\/bogofiltros.com.br\/index.php\/wp-json\/wp\/v2\/pages\/36","targetHints":{"allow":["GET"]}}],"collection":[{"href":"https:\/\/bogofiltros.com.br\/index.php\/wp-json\/wp\/v2\/pages"}],"about":[{"href":"https:\/\/bogofiltros.com.br\/index.php\/wp-json\/wp\/v2\/types\/page"}],"author":[{"embeddable":true,"href":"https:\/\/bogofiltros.com.br\/index.php\/wp-json\/wp\/v2\/users\/1"}],"replies":[{"embeddable":true,"href":"https:\/\/bogofiltros.com.br\/index.php\/wp-json\/wp\/v2\/comments?post=36"}],"version-history":[{"count":31,"href":"https:\/\/bogofiltros.com.br\/index.php\/wp-json\/wp\/v2\/pages\/36\/revisions"}],"predecessor-version":[{"id":1097,"href":"https:\/\/bogofiltros.com.br\/index.php\/wp-json\/wp\/v2\/pages\/36\/revisions\/1097"}],"wp:attachment":[{"href":"https:\/\/bogofiltros.com.br\/index.php\/wp-json\/wp\/v2\/media?parent=36"}],"curies":[{"name":"wp","href":"https:\/\/api.w.org\/{rel}","templated":true}]}}